{"id":11835,"date":"2017-08-03T17:05:11","date_gmt":"2017-08-03T17:05:11","guid":{"rendered":"https:\/\/www.fauresport.it\/?page_id=11835\/"},"modified":"2023-10-17T15:49:26","modified_gmt":"2023-10-17T15:49:26","slug":"vendita-sci","status":"publish","type":"page","link":"https:\/\/www.fauresport.it\/it\/servizi\/vendita-sci\/","title":{"rendered":"Vendita Sci"},"content":{"rendered":"<div class=\"row\"  id=\"row-1999848627\">\n\n\t<div id=\"col-2116832323\" class=\"col medium-7 small-12 large-7\"  >\n\t\t\t\t<div class=\"col-inner\"  >\n\t\t\t\n\t\t\t\n<h2>Vendita Sci<\/h2>\n<p>Grazie alla grande esperienza maturata tra Squadra nazionale sci, allenatore dello sci club locale, maestro di sci, testatore sci e scarponi per Sciare Magazine Gattiglio Federico sapr\u00e0 consigliarvi il prodotto pi\u00f9 indicato alle vostre necessit\u00e0 e caratteristiche mantenendo come punti saldi comfort e divertimento due elementi essenziali per la soddisfazione di tutti gli sciatori dal principiante allo sciatore evoluto di buon livello.<\/p>\n<p>Per gli agonisti amatoriali e gli atleti ovviamente tutte le conoscenze a disposizione per ottenere i migliori risultati.<\/p>\n<p>Da Faure Sport potrete trovare materiali delle seguanti marche:<\/p>\n<p>SCI NORDICA-STOCKLI-K2<br \/>\nSCARPONI NORDICA-TECNICA<br \/>\nBASTONCINI LEKI-GIPRON-K2<br \/>\nCASCHI BRIKO-CEBE-SH-SLOKERS-K2<br \/>\nGUANTI ZANIER-GOLDWIN-RESTELLI<\/p>\n\t\t<\/div>\n\t\t\t\t\t<\/div>\n\n\t\n\n\t<div id=\"col-1803126587\" class=\"col medium-5 small-12 large-5\"  >\n\t\t\t\t<div class=\"col-inner\"  >\n\t\t\t\n\t\t\t\n\t<div class=\"img has-hover x md-x lg-x y md-y lg-y\" id=\"image_2046396854\">\n\t\t\t\t\t\t\t\t<div class=\"img-inner dark\" >\n\t\t\t<img loading=\"lazy\" decoding=\"async\" width=\"800\" height=\"800\" src=\"https:\/\/www.fauresport.it\/wp-content\/uploads\/2023\/10\/skisales.jpg\" class=\"attachment-large size-large\" alt=\"\" srcset=\"https:\/\/www.fauresport.it\/wp-content\/uploads\/2023\/10\/skisales.jpg 800w, https:\/\/www.fauresport.it\/wp-content\/uploads\/2023\/10\/skisales-300x300.jpg 300w, https:\/\/www.fauresport.it\/wp-content\/uploads\/2023\/10\/skisales-150x150.jpg 150w, https:\/\/www.fauresport.it\/wp-content\/uploads\/2023\/10\/skisales-768x768.jpg 768w, https:\/\/www.fauresport.it\/wp-content\/uploads\/2023\/10\/skisales-510x510.jpg 510w, https:\/\/www.fauresport.it\/wp-content\/uploads\/2023\/10\/skisales-100x100.jpg 100w\" sizes=\"auto, (max-width: 800px) 100vw, 800px\" \/>\t\t\t\t\t\t\n\t\t\t\t\t<\/div>\n\t\t\t\t\t\t\t\t\n<style>\n#image_2046396854 {\n  width: 100%;\n}\n<\/style>\n\t<\/div>\n\t\n\t\t<\/div>\n\t\t\t\t\t<\/div>\n\n\t\n\n<style>\n#row-1999848627 > .col > .col-inner {\n  padding: 30px 0px 0px 0px;\n}\n<\/style>\n<\/div>\n<div class=\"row\"  id=\"row-1783836797\">\n\n\t<div id=\"col-1536875481\" class=\"col medium-6 small-12 large-6\"  >\n\t\t\t\t<div class=\"col-inner\"  >\n\t\t\t\n\t\t\t\n\t<div class=\"img has-hover x md-x lg-x y md-y lg-y\" id=\"image_1494628076\">\n\t\t\t\t\t\t\t\t<div class=\"img-inner dark\" >\n\t\t\t<img loading=\"lazy\" decoding=\"async\" width=\"800\" height=\"800\" src=\"https:\/\/www.fauresport.it\/wp-content\/uploads\/2023\/10\/ski-sales-2.jpg\" class=\"attachment-large size-large\" alt=\"\" srcset=\"https:\/\/www.fauresport.it\/wp-content\/uploads\/2023\/10\/ski-sales-2.jpg 800w, https:\/\/www.fauresport.it\/wp-content\/uploads\/2023\/10\/ski-sales-2-300x300.jpg 300w, https:\/\/www.fauresport.it\/wp-content\/uploads\/2023\/10\/ski-sales-2-150x150.jpg 150w, https:\/\/www.fauresport.it\/wp-content\/uploads\/2023\/10\/ski-sales-2-768x768.jpg 768w, https:\/\/www.fauresport.it\/wp-content\/uploads\/2023\/10\/ski-sales-2-510x510.jpg 510w, https:\/\/www.fauresport.it\/wp-content\/uploads\/2023\/10\/ski-sales-2-100x100.jpg 100w\" sizes=\"auto, (max-width: 800px) 100vw, 800px\" \/>\t\t\t\t\t\t\n\t\t\t\t\t<\/div>\n\t\t\t\t\t\t\t\t\n<style>\n#image_1494628076 {\n  width: 100%;\n}\n<\/style>\n\t<\/div>\n\t\n\t\t<\/div>\n\t\t\t\t\t<\/div>\n\n\t\n\n\t<div id=\"col-1881577022\" class=\"col medium-5 small-12 large-5\"  >\n\t\t\t\t<div class=\"col-inner\"  >\n\t\t\t\n\t\t\t\n\t<div id=\"gap-2068598244\" class=\"gap-element clearfix\" style=\"display:block; height:auto;\">\n\t\t\n<style>\n#gap-2068598244 {\n  padding-top: 41px;\n}\n<\/style>\n\t<\/div>\n\t\n<p>Ed ancora un\u2019innumerevole quantit\u00e0 di accessori.<\/p>\n<p>Negli ultimi anni il mondo dello sci ha subito enormi cambiamenti e noi siamo al passo coni i tempi ed oltre a gli sci tradizionali(easy carve- superior carve-allround e allround top-race e race carve) offriamo una vasta gamma di sci FreeStyle e FreeRide e Backcountry come ad esempio K2 extreme(ex Public Enemie) K2 Obsethed Nordica Zero e Ignition ed altri ancora.<br \/>\nSu quasi tutti i nostri modelli di sci in vendita \u00e8 disponibile l\u2019opzione \u201cTRY B4 U BUY\u201d( li provi e se decidi di comprarli non paghi il noleggio del giorno di prova).<\/p>\n<p>Siamo specializzati in sci GARA-FREERIDE-FREESTYLE-BACKCOUNTRY<\/p>\n<p>Vedi anche i nostri <a href=\"\/?page_id=11838\">scarponi in vendita<\/a><\/p>\n\t\t<\/div>\n\t\t\t\t\t<\/div>\n\n\t\n<\/div>\n","protected":false},"excerpt":{"rendered":"\n  <div class=\"banner has-hover has-parallax\" id=\"banner-1897650278\">\n          <div class=\"banner-inner fill\">\n        <div class=\"banner-bg fill\" data-parallax=\"-3\" data-parallax-container=\".banner\" data-parallax-background>\n                                                \n                    <\/div>\n\t\t\n        <div class=\"banner-layers container\">\n            <div class=\"fill banner-link\"><\/div>            \n<h1>Vendita Sci<\/h1>\n<p>___<br \/>\n<div class=\"social-icons share-icons share-row relative\" ><a href=\"whatsapp:\/\/send?text=Vendita%20Sci - https:\/\/www.fauresport.it\/it\/servizi\/vendita-sci\/\" data-action=\"share\/whatsapp\/share\" class=\"icon button circle is-outline tooltip whatsapp show-for-medium\" title=\"Condividi su WhatsApp\" aria-label=\"Condividi su WhatsApp\"><i class=\"icon-whatsapp\" aria-hidden=\"true\"><\/i><\/a><a href=\"https:\/\/www.facebook.com\/sharer.php?u=https:\/\/www.fauresport.it\/it\/servizi\/vendita-sci\/\" data-label=\"Facebook\" onclick=\"window.open(this.href,this.title,'width=500,height=500,top=300px,left=300px'); return false;\" target=\"_blank\" class=\"icon button circle is-outline tooltip facebook\" title=\"Condividi su Facebook\" aria-label=\"Condividi su Facebook\" rel=\"noopener nofollow\"><i class=\"icon-facebook\" aria-hidden=\"true\"><\/i><\/a><a href=\"https:\/\/twitter.com\/share?url=https:\/\/www.fauresport.it\/it\/servizi\/vendita-sci\/\" onclick=\"window.open(this.href,this.title,'width=500,height=500,top=300px,left=300px'); return false;\" target=\"_blank\" class=\"icon button circle is-outline tooltip twitter\" title=\"Condividi su Twitter\" aria-label=\"Condividi su Twitter\" rel=\"noopener nofollow\"><i class=\"icon-twitter\" aria-hidden=\"true\"><\/i><\/a><a href=\"mailto:?subject=Vendita%20Sci&body=Dai%20un%26%23039%3Bocchiata%3A%20https%3A%2F%2Fwww.fauresport.it%2Fit%2Fservizi%2Fvendita-sci%2F\" class=\"icon button circle is-outline tooltip email\" title=\"Invia per email ad un Amico\" aria-label=\"Invia per email ad un Amico\" rel=\"nofollow\"><i class=\"icon-envelop\" aria-hidden=\"true\"><\/i><\/a><a href=\"https:\/\/pinterest.com\/pin\/create\/button?url=https:\/\/www.fauresport.it\/it\/servizi\/vendita-sci\/&media&description=Vendita%20Sci\" onclick=\"window.open(this.href,this.title,'width=500,height=500,top=300px,left=300px'); return false;\" target=\"_blank\" class=\"icon button circle is-outline tooltip pinterest\" title=\"Pin su Pinterest\" aria-label=\"Pin su Pinterest\" rel=\"noopener nofollow\"><i class=\"icon-pinterest\" aria-hidden=\"true\"><\/i><\/a><a href=\"https:\/\/www.linkedin.com\/shareArticle?mini=true&url=https:\/\/www.fauresport.it\/it\/servizi\/vendita-sci\/&title=Vendita%20Sci\" onclick=\"window.open(this.href,this.title,'width=500,height=500,top=300px,left=300px'); return false;\" target=\"_blank\" class=\"icon button circle is-outline tooltip linkedin\" title=\"Condividi su LinkedIn\" aria-label=\"Condividi su LinkedIn\" rel=\"noopener nofollow\"><i class=\"icon-linkedin\" aria-hidden=\"true\"><\/i><\/a><\/div>\n        <\/div>\n      <\/div>\n\n            \n<style>\n#banner-1897650278 {\n  padding-top: 300px;\n}\n<\/style>\n  <\/div>\n\n\n","protected":false},"author":1,"featured_media":0,"parent":11874,"menu_order":0,"comment_status":"closed","ping_status":"closed","template":"","meta":{"footnotes":""},"class_list":["post-11835","page","type-page","status-publish","hentry"],"yoast_head":"<!-- This site is optimized with the Yoast SEO plugin v26.3 - https:\/\/yoast.com\/wordpress\/plugins\/seo\/ -->\n<title>Faure Sport, Sauze d&#039;Oulx, Vendita Sci<\/title>\n<meta name=\"description\" content=\"Vendita Sci - Sauze d&#039;Oulx - Nordica, Stockli e K2. Provi e se decidi di comprarli non paghi il noleggio del giorno di prova.\" \/>\n<meta name=\"robots\" content=\"index, follow, max-snippet:-1, max-image-preview:large, max-video-preview:-1\" \/>\n<link rel=\"canonical\" href=\"https:\/\/www.fauresport.it\/it\/servizi\/vendita-sci\/\" \/>\n<meta property=\"og:locale\" content=\"it_IT\" \/>\n<meta property=\"og:type\" content=\"article\" \/>\n<meta property=\"og:title\" content=\"Faure Sport, Sauze d&#039;Oulx, Vendita Sci\" \/>\n<meta property=\"og:description\" content=\"Vendita Sci - Sauze d&#039;Oulx - Nordica, Stockli e K2. Provi e se decidi di comprarli non paghi il noleggio del giorno di prova.\" \/>\n<meta property=\"og:url\" content=\"https:\/\/www.fauresport.it\/it\/servizi\/vendita-sci\/\" \/>\n<meta property=\"og:site_name\" content=\"Faure Sport\" \/>\n<meta property=\"article:publisher\" content=\"https:\/\/www.facebook.com\/www.fauresportsauzedoulx.it\/\" \/>\n<meta property=\"article:modified_time\" content=\"2023-10-17T15:49:26+00:00\" \/>\n<meta property=\"og:image\" content=\"https:\/\/www.fauresport.it\/wp-content\/uploads\/2017\/03\/ski-sauze-d-oulx-faure-sport.jpg\" \/>\n\t<meta property=\"og:image:width\" content=\"851\" \/>\n\t<meta property=\"og:image:height\" content=\"851\" \/>\n\t<meta property=\"og:image:type\" content=\"image\/jpeg\" \/>\n<meta name=\"twitter:card\" content=\"summary_large_image\" \/>\n<meta name=\"twitter:label1\" content=\"Tempo di lettura stimato\" \/>\n\t<meta name=\"twitter:data1\" content=\"1 minuto\" \/>\n<script type=\"application\/ld+json\" class=\"yoast-schema-graph\">{\"@context\":\"https:\/\/schema.org\",\"@graph\":[{\"@type\":\"WebPage\",\"@id\":\"https:\/\/www.fauresport.it\/it\/servizi\/vendita-sci\/\",\"url\":\"https:\/\/www.fauresport.it\/it\/servizi\/vendita-sci\/\",\"name\":\"Faure Sport, Sauze d'Oulx, Vendita Sci\",\"isPartOf\":{\"@id\":\"https:\/\/www.fauresport.it\/it\/#website\"},\"datePublished\":\"2017-08-03T17:05:11+00:00\",\"dateModified\":\"2023-10-17T15:49:26+00:00\",\"description\":\"Vendita Sci - Sauze d'Oulx - Nordica, Stockli e K2. Provi e se decidi di comprarli non paghi il noleggio del giorno di prova.\",\"breadcrumb\":{\"@id\":\"https:\/\/www.fauresport.it\/it\/servizi\/vendita-sci\/#breadcrumb\"},\"inLanguage\":\"it-IT\",\"potentialAction\":[{\"@type\":\"ReadAction\",\"target\":[\"https:\/\/www.fauresport.it\/it\/servizi\/vendita-sci\/\"]}]},{\"@type\":\"BreadcrumbList\",\"@id\":\"https:\/\/www.fauresport.it\/it\/servizi\/vendita-sci\/#breadcrumb\",\"itemListElement\":[{\"@type\":\"ListItem\",\"position\":1,\"name\":\"Home\",\"item\":\"https:\/\/www.fauresport.it\/it\/\"},{\"@type\":\"ListItem\",\"position\":2,\"name\":\"Servizi\",\"item\":\"https:\/\/www.fauresport.it\/it\/our-services\/\"},{\"@type\":\"ListItem\",\"position\":3,\"name\":\"Vendita Sci\"}]},{\"@type\":\"WebSite\",\"@id\":\"https:\/\/www.fauresport.it\/it\/#website\",\"url\":\"https:\/\/www.fauresport.it\/it\/\",\"name\":\"Faure Sport\",\"description\":\"Ski &amp; Bike Hire in Sauze d&#039;Oulx. Italy.\",\"publisher\":{\"@id\":\"https:\/\/www.fauresport.it\/it\/#organization\"},\"alternateName\":\"Faure Sport Ski Hire\",\"potentialAction\":[{\"@type\":\"SearchAction\",\"target\":{\"@type\":\"EntryPoint\",\"urlTemplate\":\"https:\/\/www.fauresport.it\/it\/?s={search_term_string}\"},\"query-input\":{\"@type\":\"PropertyValueSpecification\",\"valueRequired\":true,\"valueName\":\"search_term_string\"}}],\"inLanguage\":\"it-IT\"},{\"@type\":\"Organization\",\"@id\":\"https:\/\/www.fauresport.it\/it\/#organization\",\"name\":\"Faure Sport\",\"url\":\"https:\/\/www.fauresport.it\/it\/\",\"logo\":{\"@type\":\"ImageObject\",\"inLanguage\":\"it-IT\",\"@id\":\"https:\/\/www.fauresport.it\/it\/#\/schema\/logo\/image\/\",\"url\":\"https:\/\/www.fauresport.it\/wp-content\/uploads\/2019\/01\/faure_sport_abbigliamento.png\",\"contentUrl\":\"https:\/\/www.fauresport.it\/wp-content\/uploads\/2019\/01\/faure_sport_abbigliamento.png\",\"width\":407,\"height\":137,\"caption\":\"Faure Sport\"},\"image\":{\"@id\":\"https:\/\/www.fauresport.it\/it\/#\/schema\/logo\/image\/\"},\"sameAs\":[\"https:\/\/www.facebook.com\/www.fauresportsauzedoulx.it\/\"]}]}<\/script>\n<!-- \/ Yoast SEO plugin. -->","yoast_head_json":{"title":"Faure Sport, Sauze d'Oulx, Vendita Sci","description":"Vendita Sci - Sauze d'Oulx - Nordica, Stockli e K2. Provi e se decidi di comprarli non paghi il noleggio del giorno di prova.","robots":{"index":"index","follow":"follow","max-snippet":"max-snippet:-1","max-image-preview":"max-image-preview:large","max-video-preview":"max-video-preview:-1"},"canonical":"https:\/\/www.fauresport.it\/it\/servizi\/vendita-sci\/","og_locale":"it_IT","og_type":"article","og_title":"Faure Sport, Sauze d'Oulx, Vendita Sci","og_description":"Vendita Sci - Sauze d'Oulx - Nordica, Stockli e K2. Provi e se decidi di comprarli non paghi il noleggio del giorno di prova.","og_url":"https:\/\/www.fauresport.it\/it\/servizi\/vendita-sci\/","og_site_name":"Faure Sport","article_publisher":"https:\/\/www.facebook.com\/www.fauresportsauzedoulx.it\/","article_modified_time":"2023-10-17T15:49:26+00:00","og_image":[{"width":851,"height":851,"url":"https:\/\/www.fauresport.it\/wp-content\/uploads\/2017\/03\/ski-sauze-d-oulx-faure-sport.jpg","type":"image\/jpeg"}],"twitter_card":"summary_large_image","twitter_misc":{"Tempo di lettura stimato":"1 minuto"},"schema":{"@context":"https:\/\/schema.org","@graph":[{"@type":"WebPage","@id":"https:\/\/www.fauresport.it\/it\/servizi\/vendita-sci\/","url":"https:\/\/www.fauresport.it\/it\/servizi\/vendita-sci\/","name":"Faure Sport, Sauze d'Oulx, Vendita Sci","isPartOf":{"@id":"https:\/\/www.fauresport.it\/it\/#website"},"datePublished":"2017-08-03T17:05:11+00:00","dateModified":"2023-10-17T15:49:26+00:00","description":"Vendita Sci - Sauze d'Oulx - Nordica, Stockli e K2. Provi e se decidi di comprarli non paghi il noleggio del giorno di prova.","breadcrumb":{"@id":"https:\/\/www.fauresport.it\/it\/servizi\/vendita-sci\/#breadcrumb"},"inLanguage":"it-IT","potentialAction":[{"@type":"ReadAction","target":["https:\/\/www.fauresport.it\/it\/servizi\/vendita-sci\/"]}]},{"@type":"BreadcrumbList","@id":"https:\/\/www.fauresport.it\/it\/servizi\/vendita-sci\/#breadcrumb","itemListElement":[{"@type":"ListItem","position":1,"name":"Home","item":"https:\/\/www.fauresport.it\/it\/"},{"@type":"ListItem","position":2,"name":"Servizi","item":"https:\/\/www.fauresport.it\/it\/our-services\/"},{"@type":"ListItem","position":3,"name":"Vendita Sci"}]},{"@type":"WebSite","@id":"https:\/\/www.fauresport.it\/it\/#website","url":"https:\/\/www.fauresport.it\/it\/","name":"Faure Sport","description":"Ski &amp; Bike Hire in Sauze d&#039;Oulx. Italy.","publisher":{"@id":"https:\/\/www.fauresport.it\/it\/#organization"},"alternateName":"Faure Sport Ski Hire","potentialAction":[{"@type":"SearchAction","target":{"@type":"EntryPoint","urlTemplate":"https:\/\/www.fauresport.it\/it\/?s={search_term_string}"},"query-input":{"@type":"PropertyValueSpecification","valueRequired":true,"valueName":"search_term_string"}}],"inLanguage":"it-IT"},{"@type":"Organization","@id":"https:\/\/www.fauresport.it\/it\/#organization","name":"Faure Sport","url":"https:\/\/www.fauresport.it\/it\/","logo":{"@type":"ImageObject","inLanguage":"it-IT","@id":"https:\/\/www.fauresport.it\/it\/#\/schema\/logo\/image\/","url":"https:\/\/www.fauresport.it\/wp-content\/uploads\/2019\/01\/faure_sport_abbigliamento.png","contentUrl":"https:\/\/www.fauresport.it\/wp-content\/uploads\/2019\/01\/faure_sport_abbigliamento.png","width":407,"height":137,"caption":"Faure Sport"},"image":{"@id":"https:\/\/www.fauresport.it\/it\/#\/schema\/logo\/image\/"},"sameAs":["https:\/\/www.facebook.com\/www.fauresportsauzedoulx.it\/"]}]}},"_links":{"self":[{"href":"https:\/\/www.fauresport.it\/it\/wp-json\/wp\/v2\/pages\/11835","targetHints":{"allow":["GET"]}}],"collection":[{"href":"https:\/\/www.fauresport.it\/it\/wp-json\/wp\/v2\/pages"}],"about":[{"href":"https:\/\/www.fauresport.it\/it\/wp-json\/wp\/v2\/types\/page"}],"author":[{"embeddable":true,"href":"https:\/\/www.fauresport.it\/it\/wp-json\/wp\/v2\/users\/1"}],"replies":[{"embeddable":true,"href":"https:\/\/www.fauresport.it\/it\/wp-json\/wp\/v2\/comments?post=11835"}],"version-history":[{"count":0,"href":"https:\/\/www.fauresport.it\/it\/wp-json\/wp\/v2\/pages\/11835\/revisions"}],"up":[{"embeddable":true,"href":"https:\/\/www.fauresport.it\/it\/wp-json\/wp\/v2\/pages\/11874"}],"wp:attachment":[{"href":"https:\/\/www.fauresport.it\/it\/wp-json\/wp\/v2\/media?parent=11835"}],"curies":[{"name":"wp","href":"https:\/\/api.w.org\/{rel}","templated":true}]}}